{"id":121,"date":"2010-02-05T09:21:59","date_gmt":"2010-02-05T09:21:59","guid":{"rendered":"http:\/\/www.stadtfussballgraz.at\/cms\/?page_id=121"},"modified":"2010-02-05T09:21:59","modified_gmt":"2010-02-05T09:21:59","slug":"stadteurograz2008","status":"publish","type":"page","link":"https:\/\/www.torpedoritter.at\/cms\/stadtfussballgraz\/projekte\/stadteurograz2008\/","title":{"rendered":"stadtEUROgraz2008"},"content":{"rendered":"<p>oder stadtEUROPAMEISTERSCHAFTgraz, wie dieses projekt schlie\u00dflich hei\u00dfen mu\u00dfte. weitere informationen zur stadtEUROgraz2008 finden sich hier: <a href=\"http:\/\/www.stadteurograz2008.at\">www.stadteurograz2008.at<\/a><\/p>\n","protected":false},"excerpt":{"rendered":"<p>oder stadtEUROPAMEISTERSCHAFTgraz, wie dieses projekt schlie\u00dflich hei\u00dfen mu\u00dfte. weitere informationen zur stadtEUROgraz2008 finden sich hier: www.stadteurograz2008.at<\/p>\n","protected":false},"author":1,"featured_media":0,"parent":31,"menu_order":10,"comment_status":"open","ping_status":"open","template":"","meta":{"ngg_post_thumbnail":0,"footnotes":""},"class_list":["post-121","page","type-page","status-publish","hentry"],"_links":{"self":[{"href":"https:\/\/www.torpedoritter.at\/cms\/wp-json\/wp\/v2\/pages\/121","targetHints":{"allow":["GET"]}}],"collection":[{"href":"https:\/\/www.torpedoritter.at\/cms\/wp-json\/wp\/v2\/pages"}],"about":[{"href":"https:\/\/www.torpedoritter.at\/cms\/wp-json\/wp\/v2\/types\/page"}],"author":[{"embeddable":true,"href":"https:\/\/www.torpedoritter.at\/cms\/wp-json\/wp\/v2\/users\/1"}],"replies":[{"embeddable":true,"href":"https:\/\/www.torpedoritter.at\/cms\/wp-json\/wp\/v2\/comments?post=121"}],"version-history":[{"count":0,"href":"https:\/\/www.torpedoritter.at\/cms\/wp-json\/wp\/v2\/pages\/121\/revisions"}],"up":[{"embeddable":true,"href":"https:\/\/www.torpedoritter.at\/cms\/wp-json\/wp\/v2\/pages\/31"}],"wp:attachment":[{"href":"https:\/\/www.torpedoritter.at\/cms\/wp-json\/wp\/v2\/media?parent=121"}],"curies":[{"name":"wp","href":"https:\/\/api.w.org\/{rel}","templated":true}]}}