{"id":23,"date":"2008-09-16T14:34:32","date_gmt":"2008-09-16T12:34:32","guid":{"rendered":"http:\/\/www.torpedoritter.at\/cms\/?page_id=23"},"modified":"2020-05-25T11:56:20","modified_gmt":"2020-05-25T09:56:20","slug":"impressum","status":"publish","type":"page","link":"https:\/\/www.torpedoritter.at\/cms\/impressum\/","title":{"rendered":"impressum"},"content":{"rendered":"\n<div class=\"wp-block-group\"><div class=\"wp-block-group__inner-container is-layout-flow wp-block-group-is-layout-flow\">\n<h2 class=\"wp-block-heading\">Herausgeber<\/h2>\n\n\n\n<p>FC Torpedo Ritter Graz, ZVR 474076466<\/p>\n\n\n\n<p>K\u00f6r\u00f6sistra\u00dfe 145\/1 &#8211; 8010 Graz &#8211; \u00d6sterreich<\/p>\n\n\n\n<p>Mail: <a href=\"javascript:secureDecryptAndNavigate('F\/cNEZZpBEIKTPuOqfbQqFiyFmbhA3bIJkeu8ji7t0opVfAOOo8rNz7LwrkthEAqZvo0bnoauTfWLu4r1X5rDEwHXxfg4kd3vrYSvDBYtS5aOA==', 'd52ef03ef1635d5917ceb5326ed11a5b30c3b647a086fdfb0469faf3350b2ef6')\">management [at] torpedoritter [dot] at<\/a><\/p>\n\n\n\n<p>Graz, seit 01.06.2005<\/p>\n\n\n\n<h2 class=\"wp-block-heading\">F\u00fcr diese Website verantwortlich<\/h2>\n\n\n\n<p>Johannes Fritz<\/p>\n\n\n\n<p>K\u00f6r\u00f6sistra\u00dfe 147\/1 &#8211; 8010 Graz &#8211; \u00d6sterreich<\/p>\n\n\n\n<p>Mail: <a href=\"javascript:secureDecryptAndNavigate('\/nBuniT\/LGlhdvKNu0xEy5aweaL+ejhRrcJamM7Zrc6TYZsC94+M3wPaH218CKRMRmayH5GAaoS3LDENDOYwSGBZbRFDdJaj5xerhk2Vf8bC', 'd52ef03ef1635d5917ceb5326ed11a5b30c3b647a086fdfb0469faf3350b2ef6')\">webmaster [at] torpedoritter [dot] at<\/a><\/p>\n\n\n\n<h2 class=\"wp-block-heading\">Redaktionelle Beitr\u00e4ge<\/h2>\n\n\n\n<p>Namentlich gekennzeichnete Artikel\/Beitr\u00e4ge entsprechen nicht zwingend der Meinung des Herausgebers.<\/p>\n\n\n\n<h2 class=\"wp-block-heading\">Fotos, Videos und Designs<\/h2>\n\n\n\n<p>Wenn nicht anders gekennzeichnet &#8211; Copyright <a href=\"http:\/\/www.torpedoritter.at\">www.torpedoritter.at<\/a><\/p>\n\n\n\n<h2 class=\"wp-block-heading\">Datenschutzerkl\u00e4rung<\/h2>\n<\/div><\/div>\n\n\n\n<p>Link zur Datenschutzerkl\u00e4rung: <a href=\"https:\/\/www.torpedoritter.at\/cms\/impressum\/datenschutzerklaerung\/\">www.torpedoritter.at\/cms\/impressum\/datenschutzerklaerung\/<\/a><\/p>\n\n\n\n<p>Webserver hosted by: <a href=\"http:\/\/www.world4you.com\">www.world4you.com<\/a><\/p>\n","protected":false},"excerpt":{"rendered":"<p>Herausgeber FC Torpedo Ritter Graz, ZVR 474076466 K\u00f6r\u00f6sistra\u00dfe 145\/1 &#8211; 8010 Graz &#8211; \u00d6sterreich Mail: management [at] torpedoritter [dot] at Graz, seit 01.06.2005 F\u00fcr diese Website verantwortlich Johannes Fritz K\u00f6r\u00f6sistra\u00dfe 147\/1 &#8211; 8010 Graz &#8211; \u00d6sterreich Mail: webmaster [at] torpedoritter [dot] at Redaktionelle Beitr\u00e4ge Namentlich gekennzeichnete Artikel\/Beitr\u00e4ge entsprechen nicht zwingend der Meinung des Herausgebers. Fotos, [&hellip;]<\/p>\n","protected":false},"author":2,"featured_media":0,"parent":0,"menu_order":100,"comment_status":"closed","ping_status":"closed","template":"","meta":{"ngg_post_thumbnail":0,"footnotes":""},"class_list":["post-23","page","type-page","status-publish","hentry"],"_links":{"self":[{"href":"https:\/\/www.torpedoritter.at\/cms\/wp-json\/wp\/v2\/pages\/23","targetHints":{"allow":["GET"]}}],"collection":[{"href":"https:\/\/www.torpedoritter.at\/cms\/wp-json\/wp\/v2\/pages"}],"about":[{"href":"https:\/\/www.torpedoritter.at\/cms\/wp-json\/wp\/v2\/types\/page"}],"author":[{"embeddable":true,"href":"https:\/\/www.torpedoritter.at\/cms\/wp-json\/wp\/v2\/users\/2"}],"replies":[{"embeddable":true,"href":"https:\/\/www.torpedoritter.at\/cms\/wp-json\/wp\/v2\/comments?post=23"}],"version-history":[{"count":4,"href":"https:\/\/www.torpedoritter.at\/cms\/wp-json\/wp\/v2\/pages\/23\/revisions"}],"predecessor-version":[{"id":3623,"href":"https:\/\/www.torpedoritter.at\/cms\/wp-json\/wp\/v2\/pages\/23\/revisions\/3623"}],"wp:attachment":[{"href":"https:\/\/www.torpedoritter.at\/cms\/wp-json\/wp\/v2\/media?parent=23"}],"curies":[{"name":"wp","href":"https:\/\/api.w.org\/{rel}","templated":true}]}}